{"id":3054,"date":"2024-07-29T21:55:05","date_gmt":"2024-07-29T21:55:05","guid":{"rendered":"https:\/\/www.prodigy-project.eu\/?page_id=3054"},"modified":"2024-07-29T21:57:17","modified_gmt":"2024-07-29T21:57:17","slug":"contact-4","status":"publish","type":"page","link":"https:\/\/www.prodigy-project.eu\/index.php\/el\/contact-4\/","title":{"rendered":"\u0395\u03c0\u03b9\u03ba\u03bf\u03b9\u03bd\u03c9\u03bd\u03af\u03b1"},"content":{"rendered":"\t\t<div data-elementor-type=\"wp-page\" data-elementor-id=\"3054\" class=\"elementor elementor-3054\">\n\t\t\t\t\t\t<section class=\"elementor-section elementor-top-section elementor-element elementor-element-6c2c285 elementor-section-full_width elementor-section-height-default elementor-section-height-default wpr-particle-no wpr-jarallax-no wpr-parallax-no wpr-sticky-section-no\" data-id=\"6c2c285\" data-element_type=\"section\" data-settings=\"{&quot;background_background&quot;:&quot;classic&quot;}\">\n\t\t\t\t\t\t<div class=\"elementor-container elementor-column-gap-default\">\n\t\t\t\t\t<div class=\"elementor-column elementor-col-100 elementor-top-column elementor-element elementor-element-c0c9ae2\" data-id=\"c0c9ae2\" data-element_type=\"column\" data-settings=\"{&quot;background_background&quot;:&quot;classic&quot;}\">\n\t\t\t<div class=\"elementor-widget-wrap elementor-element-populated\">\n\t\t\t\t\t\t<section class=\"elementor-section elementor-inner-section elementor-element elementor-element-8d6b317 elementor-section-boxed elementor-section-height-default elementor-section-height-default wpr-particle-no wpr-jarallax-no wpr-parallax-no wpr-sticky-section-no\" data-id=\"8d6b317\" data-element_type=\"section\">\n\t\t\t\t\t\t<div class=\"elementor-container elementor-column-gap-default\">\n\t\t\t\t\t<div class=\"elementor-column elementor-col-50 elementor-inner-column elementor-element elementor-element-096e115\" data-id=\"096e115\" data-element_type=\"column\">\n\t\t\t<div class=\"elementor-widget-wrap elementor-element-populated\">\n\t\t\t\t\t\t<div class=\"elementor-element elementor-element-a741f06 elementor-widget__width-initial elementor-widget elementor-widget-heading\" data-id=\"a741f06\" data-element_type=\"widget\" data-widget_type=\"heading.default\">\n\t\t\t\t<div class=\"elementor-widget-container\">\n\t\t\t<h2 class=\"elementor-heading-title elementor-size-default\">\u0391\u03bd \u03b8\u03ad\u03bb\u03b5\u03c4\u03b5 \u03bd\u03b1 \u03b5\u03c0\u03b9\u03ba\u03bf\u03b9\u03bd\u03c9\u03bd\u03ae\u03c3\u03b5\u03c4\u03b5 \u03bc\u03b1\u03b6\u03af \u03bc\u03b1\u03c2, \u03c0\u03b1\u03c1\u03b1\u03ba\u03b1\u03bb\u03bf\u03cd\u03bc\u03b5 \u03c3\u03c5\u03bc\u03c0\u03bb\u03b7\u03c1\u03ce\u03c3\u03c4\u03b5 \u03c4\u03b7 \u03c6\u03cc\u03c1\u03bc\u03b1 \u03ba\u03b1\u03b9 \u03b8\u03b1 \u03b5\u03c0\u03b9\u03ba\u03bf\u03b9\u03bd\u03c9\u03bd\u03ae\u03c3\u03bf\u03c5\u03bc\u03b5 \u03bc\u03b1\u03b6\u03af \u03c3\u03b1\u03c2 \u03c4\u03bf \u03c3\u03c5\u03bd\u03c4\u03bf\u03bc\u03cc\u03c4\u03b5\u03c1\u03bf \u03b4\u03c5\u03bd\u03b1\u03c4\u03cc.<\/h2>\t\t<\/div>\n\t\t\t\t<\/div>\n\t\t\t\t\t<\/div>\n\t\t<\/div>\n\t\t\t\t<div class=\"elementor-column elementor-col-50 elementor-inner-column elementor-element elementor-element-e80f1ec\" data-id=\"e80f1ec\" data-element_type=\"column\">\n\t\t\t<div class=\"elementor-widget-wrap elementor-element-populated\">\n\t\t\t\t\t\t<div class=\"elementor-element elementor-element-fdf1cff elementor-widget elementor-widget-shortcode\" data-id=\"fdf1cff\" data-element_type=\"widget\" data-widget_type=\"shortcode.default\">\n\t\t\t\t<div class=\"elementor-widget-container\">\n\t\t\t\t\t<div class=\"elementor-shortcode\">\n<div class=\"wpcf7 no-js\" id=\"wpcf7-f3059-o1\" lang=\"en-US\" dir=\"ltr\" data-wpcf7-id=\"3059\">\n<div class=\"screen-reader-response\"><p role=\"status\" aria-live=\"polite\" aria-atomic=\"true\"><\/p> <ul><\/ul><\/div>\n<form action=\"\/index.php\/wp-json\/wp\/v2\/pages\/3054#wpcf7-f3059-o1\" method=\"post\" class=\"wpcf7-form init\" aria-label=\"Contact form\" novalidate=\"novalidate\" data-status=\"init\">\n<div style=\"display: none;\">\n<input type=\"hidden\" name=\"_wpcf7\" value=\"3059\" \/>\n<input type=\"hidden\" name=\"_wpcf7_version\" value=\"6.0.1\" \/>\n<input type=\"hidden\" name=\"_wpcf7_locale\" value=\"en_US\" \/>\n<input type=\"hidden\" name=\"_wpcf7_unit_tag\" value=\"wpcf7-f3059-o1\" \/>\n<input type=\"hidden\" name=\"_wpcf7_container_post\" value=\"0\" \/>\n<input type=\"hidden\" name=\"_wpcf7_posted_data_hash\" value=\"\" \/>\n<input type=\"hidden\" name=\"_wpcf7_recaptcha_response\" value=\"\" \/>\n<\/div>\n<p><label> \u03a4\u03bf \u03cc\u03bd\u03bf\u03bc\u03ac \u03c3\u03b1\u03c2<br \/>\n<span class=\"wpcf7-form-control-wrap\" data-name=\"your-name\"><input size=\"40\" maxlength=\"400\" class=\"wpcf7-form-control wpcf7-text wpcf7-validates-as-required\" autocomplete=\"name\" aria-required=\"true\" aria-invalid=\"false\" value=\"\" type=\"text\" name=\"your-name\" \/><\/span> <\/label>\n<\/p>\n<p><label> \u03a4\u03bf email \u03c3\u03b1\u03c2<br \/>\n<span class=\"wpcf7-form-control-wrap\" data-name=\"your-email\"><input size=\"40\" maxlength=\"400\" class=\"wpcf7-form-control wpcf7-email wpcf7-validates-as-required wpcf7-text wpcf7-validates-as-email\" autocomplete=\"email\" aria-required=\"true\" aria-invalid=\"false\" value=\"\" type=\"email\" name=\"your-email\" \/><\/span> <\/label>\n<\/p>\n<p><label> \u0398\u03ad\u03bc\u03b1<br \/>\n<span class=\"wpcf7-form-control-wrap\" data-name=\"your-subject\"><input size=\"40\" maxlength=\"400\" class=\"wpcf7-form-control wpcf7-text wpcf7-validates-as-required\" aria-required=\"true\" aria-invalid=\"false\" value=\"\" type=\"text\" name=\"your-subject\" \/><\/span> <\/label>\n<\/p>\n<p><label> \u03a4\u03bf \u03bc\u03ae\u03bd\u03c5\u03bc\u03ac \u03c3\u03b1\u03c2 (\u03c0\u03c1\u03bf\u03b1\u03b9\u03c1\u03b5\u03c4\u03b9\u03ba\u03cc)<br \/>\n<span class=\"wpcf7-form-control-wrap\" data-name=\"your-message\"><textarea cols=\"40\" rows=\"10\" maxlength=\"2000\" class=\"wpcf7-form-control wpcf7-textarea\" aria-invalid=\"false\" name=\"your-message\"><\/textarea><\/span> <\/label>\n<\/p>\n<span class=\"wpcf7-form-control-wrap recaptcha\" data-name=\"recaptcha\"><span data-sitekey=\"6Ld0IbIqAAAAABNvti1xDBlN9WdIndUStWqbJrYD\" class=\"wpcf7-form-control wpcf7-recaptcha g-recaptcha\"><\/span>\r\n<noscript>\r\n\t<div class=\"grecaptcha-noscript\">\r\n\t\t<iframe src=\"https:\/\/www.google.com\/recaptcha\/api\/fallback?k=6Ld0IbIqAAAAABNvti1xDBlN9WdIndUStWqbJrYD\" frameborder=\"0\" scrolling=\"no\" width=\"310\" height=\"430\">\r\n\t\t<\/iframe>\r\n\t\t<textarea name=\"g-recaptcha-response\" rows=\"3\" cols=\"40\" placeholder=\"reCaptcha Response Here\">\r\n\t\t<\/textarea>\r\n\t<\/div>\r\n<\/noscript>\r\n<\/span>\n<p><input class=\"wpcf7-form-control wpcf7-submit has-spinner\" type=\"submit\" value=\"\u03a5\u03c0\u03bf\u03b2\u03bf\u03bb\u03ae\" \/>\n<\/p><p style=\"display: none !important;\" class=\"akismet-fields-container\" data-prefix=\"_wpcf7_ak_\"><label>&#916;<textarea name=\"_wpcf7_ak_hp_textarea\" cols=\"45\" rows=\"8\" maxlength=\"100\"><\/textarea><\/label><input type=\"hidden\" id=\"ak_js_1\" name=\"_wpcf7_ak_js\" value=\"207\"\/><script>document.getElementById( \"ak_js_1\" ).setAttribute( \"value\", ( new Date() ).getTime() );<\/script><\/p><div class=\"wpcf7-response-output\" aria-hidden=\"true\"><\/div>\n<\/form>\n<\/div>\n<\/div>\n\t\t\t\t<\/div>\n\t\t\t\t<\/div>\n\t\t\t\t\t<\/div>\n\t\t<\/div>\n\t\t\t\t\t<\/div>\n\t\t<\/section>\n\t\t\t\t<div class=\"elementor-element elementor-element-8e5a3c8 elementor-widget-divider--view-line elementor-widget elementor-widget-divider\" data-id=\"8e5a3c8\" data-element_type=\"widget\" data-widget_type=\"divider.default\">\n\t\t\t\t<div class=\"elementor-widget-container\">\n\t\t\t\t\t<div class=\"elementor-divider\">\n\t\t\t<span class=\"elementor-divider-separator\">\n\t\t\t\t\t\t<\/span>\n\t\t<\/div>\n\t\t\t\t<\/div>\n\t\t\t\t<\/div>\n\t\t\t\t<div class=\"elementor-element elementor-element-a114235 elementor-widget elementor-widget-text-editor\" data-id=\"a114235\" data-element_type=\"widget\" data-widget_type=\"text-editor.default\">\n\t\t\t\t<div class=\"elementor-widget-container\">\n\t\t\t\t\t\t\t<h4>\u03a3\u03c5\u03bd\u03c4\u03bf\u03bd\u03b9\u03c3\u03c4\u03ae\u03c2 \u03ad\u03c1\u03b3\u03bf\u03c5<\/h4><p>Spo\u0142eczna Akademia Nauk (\u03a0\u03b1\u03bd\u03b5\u03c0\u03b9\u03c3\u03c4\u03ae\u03bc\u03b9\u03bf \u039a\u03bf\u03b9\u03bd\u03c9\u03bd\u03b9\u03ba\u03ce\u03bd \u0395\u03c0\u03b9\u03c3\u03c4\u03b7\u03bc\u03ce\u03bd)<\/p><h5>\u0394\/\u03bd\u03c3\u03b7:<\/h5><p>Henryka Sienkiewicza 9, 90-113 \u0141\u00f3d\u017a, \u03a0\u03bf\u03bb\u03c9\u03bd\u03af\u03b1<\/p><p><strong>Aleksandra Zaj\u0105c(email):<\/strong><\/p><p>azajac@san.edu.pl<\/p>\t\t\t\t\t\t<\/div>\n\t\t\t\t<\/div>\n\t\t\t\t\t<\/div>\n\t\t<\/div>\n\t\t\t\t\t<\/div>\n\t\t<\/section>\n\t\t\t\t<\/div>\n\t\t","protected":false},"excerpt":{"rendered":"<p>\u0391\u03bd \u03b8\u03ad\u03bb\u03b5\u03c4\u03b5 \u03bd\u03b1 \u03b5\u03c0\u03b9\u03ba\u03bf\u03b9\u03bd\u03c9\u03bd\u03ae\u03c3\u03b5\u03c4\u03b5 \u03bc\u03b1\u03b6\u03af \u03bc\u03b1\u03c2, \u03c0\u03b1\u03c1\u03b1\u03ba\u03b1\u03bb\u03bf\u03cd\u03bc\u03b5 \u03c3\u03c5\u03bc\u03c0\u03bb\u03b7\u03c1\u03ce\u03c3\u03c4\u03b5 \u03c4\u03b7 \u03c6\u03cc\u03c1\u03bc\u03b1 \u03ba\u03b1\u03b9 \u03b8\u03b1 \u03b5\u03c0\u03b9\u03ba\u03bf\u03b9\u03bd\u03c9\u03bd\u03ae\u03c3\u03bf\u03c5\u03bc\u03b5 \u03bc\u03b1\u03b6\u03af \u03c3\u03b1\u03c2 \u03c4\u03bf \u03c3\u03c5\u03bd\u03c4\u03bf\u03bc\u03cc\u03c4\u03b5\u03c1\u03bf \u03b4\u03c5\u03bd\u03b1\u03c4\u03cc. \u03a3\u03c5\u03bd\u03c4\u03bf\u03bd\u03b9\u03c3\u03c4\u03ae\u03c2 \u03ad\u03c1\u03b3\u03bf\u03c5 Spo\u0142eczna Akademia Nauk (\u03a0\u03b1\u03bd\u03b5\u03c0\u03b9\u03c3\u03c4\u03ae\u03bc\u03b9\u03bf \u039a\u03bf\u03b9\u03bd\u03c9\u03bd\u03b9\u03ba\u03ce\u03bd \u0395\u03c0\u03b9\u03c3\u03c4\u03b7\u03bc\u03ce\u03bd) \u0394\/\u03bd\u03c3\u03b7: Henryka Sienkiewicza 9, 90-113 \u0141\u00f3d\u017a, \u03a0\u03bf\u03bb\u03c9\u03bd\u03af\u03b1 Aleksandra Zaj\u0105c(email): azajac@san.edu.pl<\/p>\n","protected":false},"author":2,"featured_media":0,"parent":0,"menu_order":0,"comment_status":"closed","ping_status":"closed","template":"","meta":{"_exactmetrics_skip_tracking":false,"_exactmetrics_sitenote_active":false,"_exactmetrics_sitenote_note":"","_exactmetrics_sitenote_category":0,"site-sidebar-layout":"no-sidebar","site-content-layout":"page-builder","ast-site-content-layout":"full-width-container","site-content-style":"unboxed","site-sidebar-style":"unboxed","ast-global-header-display":"","ast-banner-title-visibility":"","ast-main-header-display":"","ast-hfb-above-header-display":"","ast-hfb-below-header-display":"","ast-hfb-mobile-header-display":"","site-post-title":"disabled","ast-breadcrumbs-content":"","ast-featured-img":"disabled","footer-sml-layout":"","theme-transparent-header-meta":"default","adv-header-id-meta":"","stick-header-meta":"","header-above-stick-meta":"","header-main-stick-meta":"","header-below-stick-meta":"","astra-migrate-meta-layouts":"set","ast-page-background-enabled":"default","ast-page-background-meta":{"desktop":{"background-color":"var(--ast-global-color-4)","background-image":"","background-repeat":"repeat","background-position":"center center","background-size":"auto","background-attachment":"scroll","background-type":"","background-media":"","overlay-type":"","overlay-color":"","overlay-opacity":"","overlay-gradient":""},"tablet":{"background-color":"","background-image":"","background-repeat":"repeat","background-position":"center center","background-size":"auto","background-attachment":"scroll","background-type":"","background-media":"","overlay-type":"","overlay-color":"","overlay-opacity":"","overlay-gradient":""},"mobile":{"background-color":"","background-image":"","background-repeat":"repeat","background-position":"center center","background-size":"auto","background-attachment":"scroll","background-type":"","background-media":"","overlay-type":"","overlay-color":"","overlay-opacity":"","overlay-gradient":""}},"ast-content-background-meta":{"desktop":{"background-color":"var(--ast-global-color-5)","background-image":"","background-repeat":"repeat","background-position":"center center","background-size":"auto","background-attachment":"scroll","background-type":"","background-media":"","overlay-type":"","overlay-color":"","overlay-opacity":"","overlay-gradient":""},"tablet":{"background-color":"var(--ast-global-color-5)","background-image":"","background-repeat":"repeat","background-position":"center center","background-size":"auto","background-attachment":"scroll","background-type":"","background-media":"","overlay-type":"","overlay-color":"","overlay-opacity":"","overlay-gradient":""},"mobile":{"background-color":"var(--ast-global-color-5)","background-image":"","background-repeat":"repeat","background-position":"center center","background-size":"auto","background-attachment":"scroll","background-type":"","background-media":"","overlay-type":"","overlay-color":"","overlay-opacity":"","overlay-gradient":""}},"footnotes":""},"class_list":["post-3054","page","type-page","status-publish","hentry"],"yoast_head":"<!-- This site is optimized with the Yoast SEO plugin v23.9 - https:\/\/yoast.com\/wordpress\/plugins\/seo\/ -->\n<title>\u0395\u03c0\u03b9\u03ba\u03bf\u03b9\u03bd\u03c9\u03bd\u03af\u03b1 - Prodigy<\/title>\n<meta name=\"robots\" content=\"index, follow, max-snippet:-1, max-image-preview:large, max-video-preview:-1\" \/>\n<link rel=\"canonical\" href=\"https:\/\/www.prodigy-project.eu\/index.php\/el\/contact-4\/\" \/>\n<meta property=\"og:locale\" content=\"en_US\" \/>\n<meta property=\"og:type\" content=\"article\" \/>\n<meta property=\"og:title\" content=\"\u0395\u03c0\u03b9\u03ba\u03bf\u03b9\u03bd\u03c9\u03bd\u03af\u03b1 - Prodigy\" \/>\n<meta property=\"og:description\" content=\"\u0391\u03bd \u03b8\u03ad\u03bb\u03b5\u03c4\u03b5 \u03bd\u03b1 \u03b5\u03c0\u03b9\u03ba\u03bf\u03b9\u03bd\u03c9\u03bd\u03ae\u03c3\u03b5\u03c4\u03b5 \u03bc\u03b1\u03b6\u03af \u03bc\u03b1\u03c2, \u03c0\u03b1\u03c1\u03b1\u03ba\u03b1\u03bb\u03bf\u03cd\u03bc\u03b5 \u03c3\u03c5\u03bc\u03c0\u03bb\u03b7\u03c1\u03ce\u03c3\u03c4\u03b5 \u03c4\u03b7 \u03c6\u03cc\u03c1\u03bc\u03b1 \u03ba\u03b1\u03b9 \u03b8\u03b1 \u03b5\u03c0\u03b9\u03ba\u03bf\u03b9\u03bd\u03c9\u03bd\u03ae\u03c3\u03bf\u03c5\u03bc\u03b5 \u03bc\u03b1\u03b6\u03af \u03c3\u03b1\u03c2 \u03c4\u03bf \u03c3\u03c5\u03bd\u03c4\u03bf\u03bc\u03cc\u03c4\u03b5\u03c1\u03bf \u03b4\u03c5\u03bd\u03b1\u03c4\u03cc. \u03a3\u03c5\u03bd\u03c4\u03bf\u03bd\u03b9\u03c3\u03c4\u03ae\u03c2 \u03ad\u03c1\u03b3\u03bf\u03c5 Spo\u0142eczna Akademia Nauk (\u03a0\u03b1\u03bd\u03b5\u03c0\u03b9\u03c3\u03c4\u03ae\u03bc\u03b9\u03bf \u039a\u03bf\u03b9\u03bd\u03c9\u03bd\u03b9\u03ba\u03ce\u03bd \u0395\u03c0\u03b9\u03c3\u03c4\u03b7\u03bc\u03ce\u03bd) \u0394\/\u03bd\u03c3\u03b7: Henryka Sienkiewicza 9, 90-113 \u0141\u00f3d\u017a, \u03a0\u03bf\u03bb\u03c9\u03bd\u03af\u03b1 Aleksandra Zaj\u0105c(email): azajac@san.edu.pl\" \/>\n<meta property=\"og:url\" content=\"https:\/\/www.prodigy-project.eu\/index.php\/el\/contact-4\/\" \/>\n<meta property=\"og:site_name\" content=\"Prodigy\" \/>\n<meta property=\"article:modified_time\" content=\"2024-07-29T21:57:17+00:00\" \/>\n<meta name=\"twitter:card\" content=\"summary_large_image\" \/>\n<meta name=\"twitter:label1\" content=\"Est. reading time\" \/>\n\t<meta name=\"twitter:data1\" content=\"1 minute\" \/>\n<script type=\"application\/ld+json\" class=\"yoast-schema-graph\">{\"@context\":\"https:\/\/schema.org\",\"@graph\":[{\"@type\":\"WebPage\",\"@id\":\"https:\/\/www.prodigy-project.eu\/index.php\/el\/contact-4\/\",\"url\":\"https:\/\/www.prodigy-project.eu\/index.php\/el\/contact-4\/\",\"name\":\"\u0395\u03c0\u03b9\u03ba\u03bf\u03b9\u03bd\u03c9\u03bd\u03af\u03b1 - Prodigy\",\"isPartOf\":{\"@id\":\"https:\/\/www.prodigy-project.eu\/#website\"},\"datePublished\":\"2024-07-29T21:55:05+00:00\",\"dateModified\":\"2024-07-29T21:57:17+00:00\",\"breadcrumb\":{\"@id\":\"https:\/\/www.prodigy-project.eu\/index.php\/el\/contact-4\/#breadcrumb\"},\"inLanguage\":\"en-US\",\"potentialAction\":[{\"@type\":\"ReadAction\",\"target\":[\"https:\/\/www.prodigy-project.eu\/index.php\/el\/contact-4\/\"]}]},{\"@type\":\"BreadcrumbList\",\"@id\":\"https:\/\/www.prodigy-project.eu\/index.php\/el\/contact-4\/#breadcrumb\",\"itemListElement\":[{\"@type\":\"ListItem\",\"position\":1,\"name\":\"Home\",\"item\":\"https:\/\/www.prodigy-project.eu\/\"},{\"@type\":\"ListItem\",\"position\":2,\"name\":\"\u0395\u03c0\u03b9\u03ba\u03bf\u03b9\u03bd\u03c9\u03bd\u03af\u03b1\"}]},{\"@type\":\"WebSite\",\"@id\":\"https:\/\/www.prodigy-project.eu\/#website\",\"url\":\"https:\/\/www.prodigy-project.eu\/\",\"name\":\"Prodigy\",\"description\":\"\",\"potentialAction\":[{\"@type\":\"SearchAction\",\"target\":{\"@type\":\"EntryPoint\",\"urlTemplate\":\"https:\/\/www.prodigy-project.eu\/?s={search_term_string}\"},\"query-input\":{\"@type\":\"PropertyValueSpecification\",\"valueRequired\":true,\"valueName\":\"search_term_string\"}}],\"inLanguage\":\"en-US\"}]}<\/script>\n<!-- \/ Yoast SEO plugin. -->","yoast_head_json":{"title":"\u0395\u03c0\u03b9\u03ba\u03bf\u03b9\u03bd\u03c9\u03bd\u03af\u03b1 - Prodigy","robots":{"index":"index","follow":"follow","max-snippet":"max-snippet:-1","max-image-preview":"max-image-preview:large","max-video-preview":"max-video-preview:-1"},"canonical":"https:\/\/www.prodigy-project.eu\/index.php\/el\/contact-4\/","og_locale":"en_US","og_type":"article","og_title":"\u0395\u03c0\u03b9\u03ba\u03bf\u03b9\u03bd\u03c9\u03bd\u03af\u03b1 - Prodigy","og_description":"\u0391\u03bd \u03b8\u03ad\u03bb\u03b5\u03c4\u03b5 \u03bd\u03b1 \u03b5\u03c0\u03b9\u03ba\u03bf\u03b9\u03bd\u03c9\u03bd\u03ae\u03c3\u03b5\u03c4\u03b5 \u03bc\u03b1\u03b6\u03af \u03bc\u03b1\u03c2, \u03c0\u03b1\u03c1\u03b1\u03ba\u03b1\u03bb\u03bf\u03cd\u03bc\u03b5 \u03c3\u03c5\u03bc\u03c0\u03bb\u03b7\u03c1\u03ce\u03c3\u03c4\u03b5 \u03c4\u03b7 \u03c6\u03cc\u03c1\u03bc\u03b1 \u03ba\u03b1\u03b9 \u03b8\u03b1 \u03b5\u03c0\u03b9\u03ba\u03bf\u03b9\u03bd\u03c9\u03bd\u03ae\u03c3\u03bf\u03c5\u03bc\u03b5 \u03bc\u03b1\u03b6\u03af \u03c3\u03b1\u03c2 \u03c4\u03bf \u03c3\u03c5\u03bd\u03c4\u03bf\u03bc\u03cc\u03c4\u03b5\u03c1\u03bf \u03b4\u03c5\u03bd\u03b1\u03c4\u03cc. \u03a3\u03c5\u03bd\u03c4\u03bf\u03bd\u03b9\u03c3\u03c4\u03ae\u03c2 \u03ad\u03c1\u03b3\u03bf\u03c5 Spo\u0142eczna Akademia Nauk (\u03a0\u03b1\u03bd\u03b5\u03c0\u03b9\u03c3\u03c4\u03ae\u03bc\u03b9\u03bf \u039a\u03bf\u03b9\u03bd\u03c9\u03bd\u03b9\u03ba\u03ce\u03bd \u0395\u03c0\u03b9\u03c3\u03c4\u03b7\u03bc\u03ce\u03bd) \u0394\/\u03bd\u03c3\u03b7: Henryka Sienkiewicza 9, 90-113 \u0141\u00f3d\u017a, \u03a0\u03bf\u03bb\u03c9\u03bd\u03af\u03b1 Aleksandra Zaj\u0105c(email): azajac@san.edu.pl","og_url":"https:\/\/www.prodigy-project.eu\/index.php\/el\/contact-4\/","og_site_name":"Prodigy","article_modified_time":"2024-07-29T21:57:17+00:00","twitter_card":"summary_large_image","twitter_misc":{"Est. reading time":"1 minute"},"schema":{"@context":"https:\/\/schema.org","@graph":[{"@type":"WebPage","@id":"https:\/\/www.prodigy-project.eu\/index.php\/el\/contact-4\/","url":"https:\/\/www.prodigy-project.eu\/index.php\/el\/contact-4\/","name":"\u0395\u03c0\u03b9\u03ba\u03bf\u03b9\u03bd\u03c9\u03bd\u03af\u03b1 - Prodigy","isPartOf":{"@id":"https:\/\/www.prodigy-project.eu\/#website"},"datePublished":"2024-07-29T21:55:05+00:00","dateModified":"2024-07-29T21:57:17+00:00","breadcrumb":{"@id":"https:\/\/www.prodigy-project.eu\/index.php\/el\/contact-4\/#breadcrumb"},"inLanguage":"en-US","potentialAction":[{"@type":"ReadAction","target":["https:\/\/www.prodigy-project.eu\/index.php\/el\/contact-4\/"]}]},{"@type":"BreadcrumbList","@id":"https:\/\/www.prodigy-project.eu\/index.php\/el\/contact-4\/#breadcrumb","itemListElement":[{"@type":"ListItem","position":1,"name":"Home","item":"https:\/\/www.prodigy-project.eu\/"},{"@type":"ListItem","position":2,"name":"\u0395\u03c0\u03b9\u03ba\u03bf\u03b9\u03bd\u03c9\u03bd\u03af\u03b1"}]},{"@type":"WebSite","@id":"https:\/\/www.prodigy-project.eu\/#website","url":"https:\/\/www.prodigy-project.eu\/","name":"Prodigy","description":"","potentialAction":[{"@type":"SearchAction","target":{"@type":"EntryPoint","urlTemplate":"https:\/\/www.prodigy-project.eu\/?s={search_term_string}"},"query-input":{"@type":"PropertyValueSpecification","valueRequired":true,"valueName":"search_term_string"}}],"inLanguage":"en-US"}]}},"_links":{"self":[{"href":"https:\/\/www.prodigy-project.eu\/index.php\/wp-json\/wp\/v2\/pages\/3054","targetHints":{"allow":["GET"]}}],"collection":[{"href":"https:\/\/www.prodigy-project.eu\/index.php\/wp-json\/wp\/v2\/pages"}],"about":[{"href":"https:\/\/www.prodigy-project.eu\/index.php\/wp-json\/wp\/v2\/types\/page"}],"author":[{"embeddable":true,"href":"https:\/\/www.prodigy-project.eu\/index.php\/wp-json\/wp\/v2\/users\/2"}],"replies":[{"embeddable":true,"href":"https:\/\/www.prodigy-project.eu\/index.php\/wp-json\/wp\/v2\/comments?post=3054"}],"version-history":[{"count":0,"href":"https:\/\/www.prodigy-project.eu\/index.php\/wp-json\/wp\/v2\/pages\/3054\/revisions"}],"wp:attachment":[{"href":"https:\/\/www.prodigy-project.eu\/index.php\/wp-json\/wp\/v2\/media?parent=3054"}],"curies":[{"name":"wp","href":"https:\/\/api.w.org\/{rel}","templated":true}]}}