{"id":2649,"date":"2024-07-23T20:54:10","date_gmt":"2024-07-23T20:54:10","guid":{"rendered":"https:\/\/www.prodigy-project.eu\/?page_id=2649"},"modified":"2024-07-23T20:56:29","modified_gmt":"2024-07-23T20:56:29","slug":"wp-1-2","status":"publish","type":"page","link":"https:\/\/www.prodigy-project.eu\/index.php\/pl\/wp-1-2\/","title":{"rendered":"WP 1"},"content":{"rendered":"\t\t<div data-elementor-type=\"wp-page\" data-elementor-id=\"2649\" class=\"elementor elementor-2649\">\n\t\t\t\t\t\t<section class=\"elementor-section elementor-top-section elementor-element elementor-element-92729c3 elementor-section-boxed elementor-section-height-default elementor-section-height-default wpr-particle-no wpr-jarallax-no wpr-parallax-no wpr-sticky-section-no\" data-id=\"92729c3\" data-element_type=\"section\" data-settings=\"{&quot;background_background&quot;:&quot;classic&quot;}\">\n\t\t\t\t\t\t\t<div class=\"elementor-background-overlay\"><\/div>\n\t\t\t\t\t\t\t<div class=\"elementor-container elementor-column-gap-default\">\n\t\t\t\t\t<div class=\"elementor-column elementor-col-100 elementor-top-column elementor-element elementor-element-f23f35f\" data-id=\"f23f35f\" data-element_type=\"column\">\n\t\t\t<div class=\"elementor-widget-wrap elementor-element-populated\">\n\t\t\t\t\t\t<div class=\"elementor-element elementor-element-c448db4 elementor-widget__width-initial elementor-widget elementor-widget-heading\" data-id=\"c448db4\" data-element_type=\"widget\" data-widget_type=\"heading.default\">\n\t\t\t\t<div class=\"elementor-widget-container\">\n\t\t\t<h1 class=\"elementor-heading-title elementor-size-default\">Pakiet roboczy 1 - Zarz\u0105dzanie projektem\n<\/h1>\t\t<\/div>\n\t\t\t\t<\/div>\n\t\t\t\t\t<\/div>\n\t\t<\/div>\n\t\t\t\t\t<\/div>\n\t\t<\/section>\n\t\t\t\t<section class=\"elementor-section elementor-top-section elementor-element elementor-element-98b4be9 elementor-section-boxed elementor-section-height-default elementor-section-height-default wpr-particle-no wpr-jarallax-no wpr-parallax-no wpr-sticky-section-no\" data-id=\"98b4be9\" data-element_type=\"section\" data-settings=\"{&quot;background_background&quot;:&quot;classic&quot;,&quot;shape_divider_top&quot;:&quot;opacity-tilt&quot;}\">\n\t\t\t\t\t<div class=\"elementor-shape elementor-shape-top\" data-negative=\"false\">\n\t\t\t<svg xmlns=\"http:\/\/www.w3.org\/2000\/svg\" viewBox=\"0 0 2600 131.1\" preserveAspectRatio=\"none\">\n\t<path class=\"elementor-shape-fill\" d=\"M0 0L2600 0 2600 69.1 0 0z\"\/>\n\t<path class=\"elementor-shape-fill\" style=\"opacity:0.5\" d=\"M0 0L2600 0 2600 69.1 0 69.1z\"\/>\n\t<path class=\"elementor-shape-fill\" style=\"opacity:0.25\" d=\"M2600 0L0 0 0 130.1 2600 69.1z\"\/>\n<\/svg>\t\t<\/div>\n\t\t\t\t\t<div class=\"elementor-container elementor-column-gap-default\">\n\t\t\t\t\t<div class=\"elementor-column elementor-col-100 elementor-top-column elementor-element elementor-element-74fd781\" data-id=\"74fd781\" data-element_type=\"column\">\n\t\t\t<div class=\"elementor-widget-wrap elementor-element-populated\">\n\t\t\t\t\t\t<section class=\"elementor-section elementor-inner-section elementor-element elementor-element-9c46665 elementor-section-boxed elementor-section-height-default elementor-section-height-default wpr-particle-no wpr-jarallax-no wpr-parallax-no wpr-sticky-section-no\" data-id=\"9c46665\" data-element_type=\"section\">\n\t\t\t\t\t\t<div class=\"elementor-container elementor-column-gap-default\">\n\t\t\t\t\t<div class=\"elementor-column elementor-col-50 elementor-inner-column elementor-element elementor-element-9dd7528\" data-id=\"9dd7528\" data-element_type=\"column\">\n\t\t\t<div class=\"elementor-widget-wrap elementor-element-populated\">\n\t\t\t\t\t\t<div class=\"elementor-element elementor-element-08bfddf elementor-widget__width-initial elementor-widget elementor-widget-text-editor\" data-id=\"08bfddf\" data-element_type=\"widget\" data-widget_type=\"text-editor.default\">\n\t\t\t\t<div class=\"elementor-widget-container\">\n\t\t\t\t\t\t\t<p>W WP1 (Zarz\u0105dzanie Projektem) zawarte s\u0105:<\/p><ul><li>Umowy Bilateralne<br \/><br \/><\/li><li>Plan zarz\u0105dzania projektem<br \/><br \/><\/li><li>Plan zapewnienia jako\u015bci<br \/><br \/><\/li><li>Platforma komunikacyjna<br \/><br \/><\/li><li>Raporty finansowe<br \/><br \/><\/li><li>Raporty okresowe i ko\u0144cowe<\/li><\/ul>\t\t\t\t\t\t<\/div>\n\t\t\t\t<\/div>\n\t\t\t\t<div class=\"elementor-element elementor-element-6084a80 elementor-align-center elementor-widget__width-inherit click-wp1 elementor-widget elementor-widget-button\" data-id=\"6084a80\" data-element_type=\"widget\" data-widget_type=\"button.default\">\n\t\t\t\t<div class=\"elementor-widget-container\">\n\t\t\t\t\t\t\t<div class=\"elementor-button-wrapper\">\n\t\t\t\t\t<a class=\"elementor-button elementor-button-link elementor-size-sm\" href=\"https:\/\/www.prodigy-project.eu\/wp-content\/uploads\/2024\/01\/Interim_Evaluation_and_Monitoring_Report.pdf\" target=\"_blank\" id=\"click-wp1\">\n\t\t\t\t\t\t<span class=\"elementor-button-content-wrapper\">\n\t\t\t\t\t\t<span class=\"elementor-button-icon\">\n\t\t\t\t<i aria-hidden=\"true\" class=\"fas fa-external-link-alt\"><\/i>\t\t\t<\/span>\n\t\t\t\t\t\t\t\t\t<span class=\"elementor-button-text\">Okresowy raport z oceny i monitorowania<\/span>\n\t\t\t\t\t<\/span>\n\t\t\t\t\t<\/a>\n\t\t\t\t<\/div>\n\t\t\t\t\t\t<\/div>\n\t\t\t\t<\/div>\n\t\t\t\t\t<\/div>\n\t\t<\/div>\n\t\t\t\t<div class=\"elementor-column elementor-col-50 elementor-inner-column elementor-element elementor-element-ab983b2\" data-id=\"ab983b2\" data-element_type=\"column\">\n\t\t\t<div class=\"elementor-widget-wrap elementor-element-populated\">\n\t\t\t\t\t\t<div class=\"elementor-element elementor-element-324407d elementor-widget__width-initial elementor-widget elementor-widget-image\" data-id=\"324407d\" data-element_type=\"widget\" data-widget_type=\"image.default\">\n\t\t\t\t<div class=\"elementor-widget-container\">\n\t\t\t\t\t\t\t\t\t\t\t\t\t<img fetchpriority=\"high\" decoding=\"async\" width=\"1024\" height=\"855\" src=\"https:\/\/www.prodigy-project.eu\/wp-content\/uploads\/2024\/01\/Union-1-1024x855.png\" class=\"attachment-large size-large wp-image-1247\" alt=\"\" srcset=\"https:\/\/www.prodigy-project.eu\/wp-content\/uploads\/2024\/01\/Union-1-1024x855.png 1024w, https:\/\/www.prodigy-project.eu\/wp-content\/uploads\/2024\/01\/Union-1-300x250.png 300w, https:\/\/www.prodigy-project.eu\/wp-content\/uploads\/2024\/01\/Union-1-768x641.png 768w, https:\/\/www.prodigy-project.eu\/wp-content\/uploads\/2024\/01\/Union-1.png 1272w\" sizes=\"(max-width: 1024px) 100vw, 1024px\" \/>\t\t\t\t\t\t\t\t\t\t\t\t\t<\/div>\n\t\t\t\t<\/div>\n\t\t\t\t\t<\/div>\n\t\t<\/div>\n\t\t\t\t\t<\/div>\n\t\t<\/section>\n\t\t\t\t\t<\/div>\n\t\t<\/div>\n\t\t\t\t\t<\/div>\n\t\t<\/section>\n\t\t\t\t<\/div>\n\t\t","protected":false},"excerpt":{"rendered":"<p>Pakiet roboczy 1 &#8211; Zarz\u0105dzanie projektem W WP1 (Zarz\u0105dzanie Projektem) zawarte s\u0105: Umowy Bilateralne Plan zarz\u0105dzania projektem Plan zapewnienia jako\u015bci Platforma komunikacyjna Raporty finansowe Raporty okresowe i ko\u0144cowe Okresowy raport z oceny i monitorowania<\/p>\n","protected":false},"author":2,"featured_media":0,"parent":0,"menu_order":0,"comment_status":"closed","ping_status":"closed","template":"","meta":{"_exactmetrics_skip_tracking":false,"_exactmetrics_sitenote_active":false,"_exactmetrics_sitenote_note":"","_exactmetrics_sitenote_category":0,"site-sidebar-layout":"no-sidebar","site-content-layout":"page-builder","ast-site-content-layout":"full-width-container","site-content-style":"default","site-sidebar-style":"default","ast-global-header-display":"","ast-banner-title-visibility":"","ast-main-header-display":"","ast-hfb-above-header-display":"","ast-hfb-below-header-display":"","ast-hfb-mobile-header-display":"","site-post-title":"disabled","ast-breadcrumbs-content":"","ast-featured-img":"disabled","footer-sml-layout":"","theme-transparent-header-meta":"default","adv-header-id-meta":"","stick-header-meta":"","header-above-stick-meta":"","header-main-stick-meta":"","header-below-stick-meta":"","astra-migrate-meta-layouts":"set","ast-page-background-enabled":"default","ast-page-background-meta":{"desktop":{"background-color":"var(--ast-global-color-4)","background-image":"","background-repeat":"repeat","background-position":"center center","background-size":"auto","background-attachment":"scroll","background-type":"","background-media":"","overlay-type":"","overlay-color":"","overlay-opacity":"","overlay-gradient":""},"tablet":{"background-color":"","background-image":"","background-repeat":"repeat","background-position":"center center","background-size":"auto","background-attachment":"scroll","background-type":"","background-media":"","overlay-type":"","overlay-color":"","overlay-opacity":"","overlay-gradient":""},"mobile":{"background-color":"","background-image":"","background-repeat":"repeat","background-position":"center center","background-size":"auto","background-attachment":"scroll","background-type":"","background-media":"","overlay-type":"","overlay-color":"","overlay-opacity":"","overlay-gradient":""}},"ast-content-background-meta":{"desktop":{"background-color":"var(--ast-global-color-5)","background-image":"","background-repeat":"repeat","background-position":"center center","background-size":"auto","background-attachment":"scroll","background-type":"","background-media":"","overlay-type":"","overlay-color":"","overlay-opacity":"","overlay-gradient":""},"tablet":{"background-color":"var(--ast-global-color-5)","background-image":"","background-repeat":"repeat","background-position":"center center","background-size":"auto","background-attachment":"scroll","background-type":"","background-media":"","overlay-type":"","overlay-color":"","overlay-opacity":"","overlay-gradient":""},"mobile":{"background-color":"var(--ast-global-color-5)","background-image":"","background-repeat":"repeat","background-position":"center center","background-size":"auto","background-attachment":"scroll","background-type":"","background-media":"","overlay-type":"","overlay-color":"","overlay-opacity":"","overlay-gradient":""}},"footnotes":""},"class_list":["post-2649","page","type-page","status-publish","hentry"],"yoast_head":"<!-- This site is optimized with the Yoast SEO plugin v23.9 - https:\/\/yoast.com\/wordpress\/plugins\/seo\/ -->\n<title>WP 1 - Prodigy<\/title>\n<meta name=\"robots\" content=\"index, follow, max-snippet:-1, max-image-preview:large, max-video-preview:-1\" \/>\n<link rel=\"canonical\" href=\"https:\/\/www.prodigy-project.eu\/index.php\/pl\/wp-1-2\/\" \/>\n<meta property=\"og:locale\" content=\"en_US\" \/>\n<meta property=\"og:type\" content=\"article\" \/>\n<meta property=\"og:title\" content=\"WP 1 - Prodigy\" \/>\n<meta property=\"og:description\" content=\"Pakiet roboczy 1 &#8211; Zarz\u0105dzanie projektem W WP1 (Zarz\u0105dzanie Projektem) zawarte s\u0105: Umowy Bilateralne Plan zarz\u0105dzania projektem Plan zapewnienia jako\u015bci Platforma komunikacyjna Raporty finansowe Raporty okresowe i ko\u0144cowe Okresowy raport z oceny i monitorowania\" \/>\n<meta property=\"og:url\" content=\"https:\/\/www.prodigy-project.eu\/index.php\/pl\/wp-1-2\/\" \/>\n<meta property=\"og:site_name\" content=\"Prodigy\" \/>\n<meta property=\"article:modified_time\" content=\"2024-07-23T20:56:29+00:00\" \/>\n<meta property=\"og:image\" content=\"https:\/\/www.prodigy-project.eu\/wp-content\/uploads\/2024\/01\/Union-1-1024x855.png\" \/>\n<meta name=\"twitter:card\" content=\"summary_large_image\" \/>\n<meta name=\"twitter:label1\" content=\"Est. reading time\" \/>\n\t<meta name=\"twitter:data1\" content=\"1 minute\" \/>\n<script type=\"application\/ld+json\" class=\"yoast-schema-graph\">{\"@context\":\"https:\/\/schema.org\",\"@graph\":[{\"@type\":\"WebPage\",\"@id\":\"https:\/\/www.prodigy-project.eu\/index.php\/pl\/wp-1-2\/\",\"url\":\"https:\/\/www.prodigy-project.eu\/index.php\/pl\/wp-1-2\/\",\"name\":\"WP 1 - Prodigy\",\"isPartOf\":{\"@id\":\"https:\/\/www.prodigy-project.eu\/#website\"},\"primaryImageOfPage\":{\"@id\":\"https:\/\/www.prodigy-project.eu\/index.php\/pl\/wp-1-2\/#primaryimage\"},\"image\":{\"@id\":\"https:\/\/www.prodigy-project.eu\/index.php\/pl\/wp-1-2\/#primaryimage\"},\"thumbnailUrl\":\"https:\/\/www.prodigy-project.eu\/wp-content\/uploads\/2024\/01\/Union-1-1024x855.png\",\"datePublished\":\"2024-07-23T20:54:10+00:00\",\"dateModified\":\"2024-07-23T20:56:29+00:00\",\"breadcrumb\":{\"@id\":\"https:\/\/www.prodigy-project.eu\/index.php\/pl\/wp-1-2\/#breadcrumb\"},\"inLanguage\":\"en-US\",\"potentialAction\":[{\"@type\":\"ReadAction\",\"target\":[\"https:\/\/www.prodigy-project.eu\/index.php\/pl\/wp-1-2\/\"]}]},{\"@type\":\"ImageObject\",\"inLanguage\":\"en-US\",\"@id\":\"https:\/\/www.prodigy-project.eu\/index.php\/pl\/wp-1-2\/#primaryimage\",\"url\":\"https:\/\/www.prodigy-project.eu\/wp-content\/uploads\/2024\/01\/Union-1.png\",\"contentUrl\":\"https:\/\/www.prodigy-project.eu\/wp-content\/uploads\/2024\/01\/Union-1.png\",\"width\":1272,\"height\":1062},{\"@type\":\"BreadcrumbList\",\"@id\":\"https:\/\/www.prodigy-project.eu\/index.php\/pl\/wp-1-2\/#breadcrumb\",\"itemListElement\":[{\"@type\":\"ListItem\",\"position\":1,\"name\":\"Home\",\"item\":\"https:\/\/www.prodigy-project.eu\/\"},{\"@type\":\"ListItem\",\"position\":2,\"name\":\"WP 1\"}]},{\"@type\":\"WebSite\",\"@id\":\"https:\/\/www.prodigy-project.eu\/#website\",\"url\":\"https:\/\/www.prodigy-project.eu\/\",\"name\":\"Prodigy\",\"description\":\"\",\"potentialAction\":[{\"@type\":\"SearchAction\",\"target\":{\"@type\":\"EntryPoint\",\"urlTemplate\":\"https:\/\/www.prodigy-project.eu\/?s={search_term_string}\"},\"query-input\":{\"@type\":\"PropertyValueSpecification\",\"valueRequired\":true,\"valueName\":\"search_term_string\"}}],\"inLanguage\":\"en-US\"}]}<\/script>\n<!-- \/ Yoast SEO plugin. -->","yoast_head_json":{"title":"WP 1 - Prodigy","robots":{"index":"index","follow":"follow","max-snippet":"max-snippet:-1","max-image-preview":"max-image-preview:large","max-video-preview":"max-video-preview:-1"},"canonical":"https:\/\/www.prodigy-project.eu\/index.php\/pl\/wp-1-2\/","og_locale":"en_US","og_type":"article","og_title":"WP 1 - Prodigy","og_description":"Pakiet roboczy 1 &#8211; Zarz\u0105dzanie projektem W WP1 (Zarz\u0105dzanie Projektem) zawarte s\u0105: Umowy Bilateralne Plan zarz\u0105dzania projektem Plan zapewnienia jako\u015bci Platforma komunikacyjna Raporty finansowe Raporty okresowe i ko\u0144cowe Okresowy raport z oceny i monitorowania","og_url":"https:\/\/www.prodigy-project.eu\/index.php\/pl\/wp-1-2\/","og_site_name":"Prodigy","article_modified_time":"2024-07-23T20:56:29+00:00","og_image":[{"url":"https:\/\/www.prodigy-project.eu\/wp-content\/uploads\/2024\/01\/Union-1-1024x855.png"}],"twitter_card":"summary_large_image","twitter_misc":{"Est. reading time":"1 minute"},"schema":{"@context":"https:\/\/schema.org","@graph":[{"@type":"WebPage","@id":"https:\/\/www.prodigy-project.eu\/index.php\/pl\/wp-1-2\/","url":"https:\/\/www.prodigy-project.eu\/index.php\/pl\/wp-1-2\/","name":"WP 1 - Prodigy","isPartOf":{"@id":"https:\/\/www.prodigy-project.eu\/#website"},"primaryImageOfPage":{"@id":"https:\/\/www.prodigy-project.eu\/index.php\/pl\/wp-1-2\/#primaryimage"},"image":{"@id":"https:\/\/www.prodigy-project.eu\/index.php\/pl\/wp-1-2\/#primaryimage"},"thumbnailUrl":"https:\/\/www.prodigy-project.eu\/wp-content\/uploads\/2024\/01\/Union-1-1024x855.png","datePublished":"2024-07-23T20:54:10+00:00","dateModified":"2024-07-23T20:56:29+00:00","breadcrumb":{"@id":"https:\/\/www.prodigy-project.eu\/index.php\/pl\/wp-1-2\/#breadcrumb"},"inLanguage":"en-US","potentialAction":[{"@type":"ReadAction","target":["https:\/\/www.prodigy-project.eu\/index.php\/pl\/wp-1-2\/"]}]},{"@type":"ImageObject","inLanguage":"en-US","@id":"https:\/\/www.prodigy-project.eu\/index.php\/pl\/wp-1-2\/#primaryimage","url":"https:\/\/www.prodigy-project.eu\/wp-content\/uploads\/2024\/01\/Union-1.png","contentUrl":"https:\/\/www.prodigy-project.eu\/wp-content\/uploads\/2024\/01\/Union-1.png","width":1272,"height":1062},{"@type":"BreadcrumbList","@id":"https:\/\/www.prodigy-project.eu\/index.php\/pl\/wp-1-2\/#breadcrumb","itemListElement":[{"@type":"ListItem","position":1,"name":"Home","item":"https:\/\/www.prodigy-project.eu\/"},{"@type":"ListItem","position":2,"name":"WP 1"}]},{"@type":"WebSite","@id":"https:\/\/www.prodigy-project.eu\/#website","url":"https:\/\/www.prodigy-project.eu\/","name":"Prodigy","description":"","potentialAction":[{"@type":"SearchAction","target":{"@type":"EntryPoint","urlTemplate":"https:\/\/www.prodigy-project.eu\/?s={search_term_string}"},"query-input":{"@type":"PropertyValueSpecification","valueRequired":true,"valueName":"search_term_string"}}],"inLanguage":"en-US"}]}},"_links":{"self":[{"href":"https:\/\/www.prodigy-project.eu\/index.php\/wp-json\/wp\/v2\/pages\/2649","targetHints":{"allow":["GET"]}}],"collection":[{"href":"https:\/\/www.prodigy-project.eu\/index.php\/wp-json\/wp\/v2\/pages"}],"about":[{"href":"https:\/\/www.prodigy-project.eu\/index.php\/wp-json\/wp\/v2\/types\/page"}],"author":[{"embeddable":true,"href":"https:\/\/www.prodigy-project.eu\/index.php\/wp-json\/wp\/v2\/users\/2"}],"replies":[{"embeddable":true,"href":"https:\/\/www.prodigy-project.eu\/index.php\/wp-json\/wp\/v2\/comments?post=2649"}],"version-history":[{"count":0,"href":"https:\/\/www.prodigy-project.eu\/index.php\/wp-json\/wp\/v2\/pages\/2649\/revisions"}],"wp:attachment":[{"href":"https:\/\/www.prodigy-project.eu\/index.php\/wp-json\/wp\/v2\/media?parent=2649"}],"curies":[{"name":"wp","href":"https:\/\/api.w.org\/{rel}","templated":true}]}}